{"id":1066,"date":"2026-02-28T12:42:31","date_gmt":"2026-02-28T12:42:31","guid":{"rendered":"https:\/\/new.skygardenresidence.ro\/?page_id=1066"},"modified":"2026-03-13T07:18:28","modified_gmt":"2026-03-13T07:18:28","slug":"sky-garden-oltenitei-20","status":"publish","type":"page","link":"https:\/\/skygardenresidence.ro\/en\/sky-garden-oltenitei-20\/","title":{"rendered":"Sky Garden \u2013 Oltenitei 20"},"content":{"rendered":"\t\t<div data-elementor-type=\"wp-page\" data-elementor-id=\"1066\" class=\"elementor elementor-1066\" data-elementor-post-type=\"page\">\n\t\t\t\t<div class=\"elementor-element elementor-element-03b8f54 e-flex e-con-boxed wpr-particle-no wpr-jarallax-no wpr-parallax-no wpr-sticky-section-no e-con e-parent\" data-id=\"03b8f54\" data-element_type=\"container\" data-e-type=\"container\">\n\t\t\t\t\t<div class=\"e-con-inner\">\n\t\t<div class=\"elementor-element elementor-element-7024b02 e-con-full e-flex wpr-particle-no wpr-jarallax-no wpr-parallax-no wpr-sticky-section-no e-con e-child\" data-id=\"7024b02\" data-element_type=\"container\" data-e-type=\"container\" data-settings=\"{&quot;background_background&quot;:&quot;classic&quot;}\">\n\t\t\t\t<\/div>\n\t\t\t\t\t<\/div>\n\t\t\t\t<\/div>\n\t\t<div class=\"elementor-element elementor-element-560881d e-flex e-con-boxed wpr-particle-no wpr-jarallax-no wpr-parallax-no wpr-sticky-section-no e-con e-parent\" data-id=\"560881d\" data-element_type=\"container\" data-e-type=\"container\">\n\t\t\t\t\t<div class=\"e-con-inner\">\n\t\t<div class=\"elementor-element elementor-element-85fac5a e-con-full e-flex wpr-particle-no wpr-jarallax-no wpr-parallax-no wpr-sticky-section-no e-con e-child\" data-id=\"85fac5a\" data-element_type=\"container\" data-e-type=\"container\">\n\t\t\t\t<div class=\"elementor-element elementor-element-cb3d885 elementor-widget-mobile__width-inherit elementor-widget__width-initial elementor-widget elementor-widget-heading\" data-id=\"cb3d885\" data-element_type=\"widget\" data-e-type=\"widget\" data-widget_type=\"heading.default\">\n\t\t\t\t\t<h2 class=\"elementor-heading-title elementor-size-default\">Sky Garden  Residence Olteni\u021bei 20<\/h2>\t\t\t\t<\/div>\n\t\t\t\t<div class=\"elementor-element elementor-element-d88f424 elementor-widget-divider--view-line elementor-widget elementor-widget-divider\" data-id=\"d88f424\" data-element_type=\"widget\" data-e-type=\"widget\" data-widget_type=\"divider.default\">\n\t\t\t\t\t\t\t<div class=\"elementor-divider\">\n\t\t\t<span class=\"elementor-divider-separator\">\n\t\t\t\t\t\t<\/span>\n\t\t<\/div>\n\t\t\t\t\t\t<\/div>\n\t\t\t\t<div class=\"elementor-element elementor-element-e141cca elementor-widget elementor-widget-text-editor\" data-id=\"e141cca\" data-element_type=\"widget\" data-e-type=\"widget\" data-widget_type=\"text-editor.default\">\n\t\t\t\t\t\t\t\t\t<p data-start=\"158\" data-end=\"369\">Sky Garden Residence Olteni\u021bei 20 este un proiect reziden\u021bial complex, dezvoltat de un constructor cu experien\u021b\u0103, care pune accent pe siguran\u021ba seismic\u0103, compartiment\u0103ri eficiente \u0219i suprafe\u021be vitrate generoase.<\/p><p data-start=\"371\" data-end=\"720\">Situat pe \u0218oseaua Olteni\u021bei nr. 20, \u00een Pope\u0219ti-Leordeni, ansamblul se desf\u0103\u0219oar\u0103 pe un teren de 4.750 mp \u0219i cuprinde dou\u0103 corpuri de cl\u0103dire cu regim de \u00een\u0103l\u021bime P+5E, totaliz\u00e2nd 119 unit\u0103\u021bi locative. Proiectul include spa\u021bii verzi, loc de joac\u0103, spa\u021biu comercial la parter \u0219i locuri de parcare supraterane suficiente pentru reziden\u021bi \u0219i vizitatori.<\/p>\t\t\t\t\t\t\t\t<\/div>\n\t\t\t\t<\/div>\n\t\t\t\t\t<\/div>\n\t\t\t\t<\/div>\n\t\t<div class=\"elementor-element elementor-element-e01116b e-flex e-con-boxed wpr-particle-no wpr-jarallax-no wpr-parallax-no wpr-sticky-section-no e-con e-parent\" data-id=\"e01116b\" data-element_type=\"container\" data-e-type=\"container\" data-settings=\"{&quot;background_background&quot;:&quot;classic&quot;}\">\n\t\t\t\t\t<div class=\"e-con-inner\">\n\t\t\t\t\t<\/div>\n\t\t\t\t<\/div>\n\t\t<div class=\"elementor-element elementor-element-ad64614 e-con-full e-flex wpr-particle-no wpr-jarallax-no wpr-parallax-no wpr-sticky-section-no e-con e-parent\" data-id=\"ad64614\" data-element_type=\"container\" data-e-type=\"container\">\n\t\t<div class=\"elementor-element elementor-element-851f4a2 e-flex e-con-boxed wpr-particle-no wpr-jarallax-no wpr-parallax-no wpr-sticky-section-no e-con e-child\" data-id=\"851f4a2\" data-element_type=\"container\" data-e-type=\"container\" data-settings=\"{&quot;background_background&quot;:&quot;classic&quot;}\">\n\t\t\t\t\t<div class=\"e-con-inner\">\n\t\t<div class=\"elementor-element elementor-element-eb6042e e-con-full e-flex wpr-particle-no wpr-jarallax-no wpr-parallax-no wpr-sticky-section-no e-con e-child\" data-id=\"eb6042e\" data-element_type=\"container\" data-e-type=\"container\" data-settings=\"{&quot;background_background&quot;:&quot;classic&quot;}\">\n\t\t\t\t<div class=\"elementor-element elementor-element-0bae776 elementor-widget-mobile__width-inherit elementor-widget__width-initial elementor-widget elementor-widget-heading\" data-id=\"0bae776\" data-element_type=\"widget\" data-e-type=\"widget\" data-widget_type=\"heading.default\">\n\t\t\t\t\t<h2 class=\"elementor-heading-title elementor-size-default\">Localizare, calitate \u0219i siguran\u021b\u0103<\/h2>\t\t\t\t<\/div>\n\t\t\t\t<\/div>\n\t\t<div class=\"elementor-element elementor-element-58d9f58 e-con-full e-flex wpr-particle-no wpr-jarallax-no wpr-parallax-no wpr-sticky-section-no e-con e-child\" data-id=\"58d9f58\" data-element_type=\"container\" data-e-type=\"container\" data-settings=\"{&quot;background_background&quot;:&quot;classic&quot;}\">\n\t\t<div class=\"elementor-element elementor-element-44709da e-con-full e-flex wpr-particle-no wpr-jarallax-no wpr-parallax-no wpr-sticky-section-no e-con e-child\" data-id=\"44709da\" data-element_type=\"container\" data-e-type=\"container\">\n\t\t<div class=\"elementor-element elementor-element-f6905fd e-con-full e-transform e-flex wpr-particle-no wpr-jarallax-no wpr-parallax-no wpr-sticky-section-no e-con e-child\" data-id=\"f6905fd\" data-element_type=\"container\" data-e-type=\"container\" data-settings=\"{&quot;_transform_scale_effect_hover&quot;:{&quot;unit&quot;:&quot;px&quot;,&quot;size&quot;:0.9,&quot;sizes&quot;:[]},&quot;_transform_scale_effect_hover_tablet&quot;:{&quot;unit&quot;:&quot;px&quot;,&quot;size&quot;:&quot;&quot;,&quot;sizes&quot;:[]},&quot;_transform_scale_effect_hover_mobile&quot;:{&quot;unit&quot;:&quot;px&quot;,&quot;size&quot;:&quot;&quot;,&quot;sizes&quot;:[]}}\">\n\t\t\t\t<div class=\"elementor-element elementor-element-4a92772 elementor-widget-mobile__width-inherit elementor-widget elementor-widget-heading\" data-id=\"4a92772\" data-element_type=\"widget\" data-e-type=\"widget\" data-widget_type=\"heading.default\">\n\t\t\t\t\t<h2 class=\"elementor-heading-title elementor-size-default\">Acces rapid<\/h2>\t\t\t\t<\/div>\n\t\t\t\t<div class=\"elementor-element elementor-element-e235c31 elementor-widget elementor-widget-text-editor\" data-id=\"e235c31\" data-element_type=\"widget\" data-e-type=\"widget\" data-widget_type=\"text-editor.default\">\n\t\t\t\t\t\t\t\t\t<p data-start=\"181\" data-end=\"416\">Complexul are deschidere c\u0103tre \u0218oseaua Olteni\u021bei \u0219i acces facil la transportul public. Sta\u021biile de metrou Berceni, Dimitrie Leonida \u0219i Ap\u0103r\u0103torii Patriei, precum \u0219i liniile STB, se afl\u0103 la distan\u021b\u0103 redus\u0103.<\/p>\t\t\t\t\t\t\t\t<\/div>\n\t\t\t\t<\/div>\n\t\t<div class=\"elementor-element elementor-element-5aad778 e-con-full e-transform e-flex wpr-particle-no wpr-jarallax-no wpr-parallax-no wpr-sticky-section-no e-con e-child\" data-id=\"5aad778\" data-element_type=\"container\" data-e-type=\"container\" data-settings=\"{&quot;_transform_scale_effect_hover&quot;:{&quot;unit&quot;:&quot;px&quot;,&quot;size&quot;:0.9,&quot;sizes&quot;:[]},&quot;_transform_scale_effect_hover_tablet&quot;:{&quot;unit&quot;:&quot;px&quot;,&quot;size&quot;:&quot;&quot;,&quot;sizes&quot;:[]},&quot;_transform_scale_effect_hover_mobile&quot;:{&quot;unit&quot;:&quot;px&quot;,&quot;size&quot;:&quot;&quot;,&quot;sizes&quot;:[]}}\">\n\t\t\t\t<div class=\"elementor-element elementor-element-2af8678 elementor-widget-mobile__width-inherit elementor-widget elementor-widget-heading\" data-id=\"2af8678\" data-element_type=\"widget\" data-e-type=\"widget\" data-widget_type=\"heading.default\">\n\t\t\t\t\t<h2 class=\"elementor-heading-title elementor-size-default\">Finisaje premium<\/h2>\t\t\t\t<\/div>\n\t\t\t\t<div class=\"elementor-element elementor-element-b1dbf16 elementor-widget elementor-widget-text-editor\" data-id=\"b1dbf16\" data-element_type=\"widget\" data-e-type=\"widget\" data-widget_type=\"text-editor.default\">\n\t\t\t\t\t\t\t\t\t<p data-start=\"313\" data-end=\"542\">Structur\u0103 din beton, pere\u021bi Ytong pentru izolare eficient\u0103, t\u00e2mpl\u0103rie Salamander cu sticl\u0103 Low-E, centrale termice individuale \u0219i finisaje moderne de calitate.<\/p>\t\t\t\t\t\t\t\t<\/div>\n\t\t\t\t<\/div>\n\t\t<div class=\"elementor-element elementor-element-33106d9 e-con-full e-transform e-flex wpr-particle-no wpr-jarallax-no wpr-parallax-no wpr-sticky-section-no e-con e-child\" data-id=\"33106d9\" data-element_type=\"container\" data-e-type=\"container\" data-settings=\"{&quot;_transform_scale_effect_hover&quot;:{&quot;unit&quot;:&quot;px&quot;,&quot;size&quot;:0.9,&quot;sizes&quot;:[]},&quot;_transform_scale_effect_hover_tablet&quot;:{&quot;unit&quot;:&quot;px&quot;,&quot;size&quot;:&quot;&quot;,&quot;sizes&quot;:[]},&quot;_transform_scale_effect_hover_mobile&quot;:{&quot;unit&quot;:&quot;px&quot;,&quot;size&quot;:&quot;&quot;,&quot;sizes&quot;:[]}}\">\n\t\t\t\t<div class=\"elementor-element elementor-element-69547f7 elementor-widget-mobile__width-inherit elementor-widget elementor-widget-heading\" data-id=\"69547f7\" data-element_type=\"widget\" data-e-type=\"widget\" data-widget_type=\"heading.default\">\n\t\t\t\t\t<h2 class=\"elementor-heading-title elementor-size-default\">Siguran\u021b\u0103 \u0219i facilit\u0103\u021bi<\/h2>\t\t\t\t<\/div>\n\t\t\t\t<div class=\"elementor-element elementor-element-23dd5b1 elementor-widget elementor-widget-text-editor\" data-id=\"23dd5b1\" data-element_type=\"widget\" data-e-type=\"widget\" data-widget_type=\"text-editor.default\">\n\t\t\t\t\t\t\t\t\t<div class=\"relative basis-auto flex-col -mb-(--composer-overlap-px) [--composer-overlap-px:28px] grow flex\"><div class=\"flex flex-col text-sm pb-25\"><article class=\"text-token-text-primary w-full focus:outline-none [--shadow-height:45px] has-data-writing-block:pointer-events-none has-data-writing-block:-mt-(--shadow-height) has-data-writing-block:pt-(--shadow-height) [&amp;:has([data-writing-block])&gt;*]:pointer-events-auto scroll-mt-[calc(var(--header-height)+min(200px,max(70px,20svh)))]\" dir=\"auto\" tabindex=\"-1\" data-turn-id=\"request-699ec634-75f4-832a-a5e1-af69e74bf4e2-44\" data-testid=\"conversation-turn-320\" data-scroll-anchor=\"true\" data-turn=\"assistant\"><div class=\"text-base my-auto mx-auto pb-10 [--thread-content-margin:--spacing(4)] @w-sm\/main:[--thread-content-margin:--spacing(6)] @w-lg\/main:[--thread-content-margin:--spacing(16)] px-(--thread-content-margin)\"><div class=\"[--thread-content-max-width:40rem] @w-lg\/main:[--thread-content-max-width:48rem] mx-auto max-w-(--thread-content-max-width) flex-1 group\/turn-messages focus-visible:outline-hidden relative flex w-full min-w-0 flex-col agent-turn\" tabindex=\"-1\"><div class=\"flex max-w-full flex-col grow\"><div class=\"min-h-8 text-message relative flex w-full flex-col items-end gap-2 text-start break-words whitespace-normal [.text-message+&amp;]:mt-1\" dir=\"auto\" data-message-author-role=\"assistant\" data-message-id=\"765d9e39-b7b8-4ee5-8b59-f4f6f4bac539\" data-message-model-slug=\"gpt-5-3\"><div class=\"flex w-full flex-col gap-1 empty:hidden first:pt-[1px]\"><div class=\"markdown prose dark:prose-invert w-full wrap-break-word dark markdown-new-styling\"><p data-start=\"544\" data-end=\"751\" data-is-last-node=\"\" data-is-only-node=\"\">Acces securizat cu bariere auto, u\u0219i antiefrac\u021bie, sistem de cartel\u0103 \u0219i lifturi Schindler. Parc\u0103ri supraterane individuale, amenajate cu pavele ecologice.<\/p><\/div><\/div><\/div><\/div><\/div><\/div><\/article><\/div><\/div>\t\t\t\t\t\t\t\t<\/div>\n\t\t\t\t<\/div>\n\t\t\t\t<\/div>\n\t\t\t\t<\/div>\n\t\t\t\t\t<\/div>\n\t\t\t\t<\/div>\n\t\t\t\t<\/div>\n\t\t<div class=\"elementor-element elementor-element-54178e9 e-flex e-con-boxed wpr-particle-no wpr-jarallax-no wpr-parallax-no wpr-sticky-section-no e-con e-parent\" data-id=\"54178e9\" data-element_type=\"container\" data-e-type=\"container\">\n\t\t\t\t\t<div class=\"e-con-inner\">\n\t\t\t\t<div class=\"elementor-element elementor-element-fe9ee9b elementor-widget elementor-widget-google_maps\" data-id=\"fe9ee9b\" data-element_type=\"widget\" data-e-type=\"widget\" data-widget_type=\"google_maps.default\">\n\t\t\t\t\t\t\t<div class=\"elementor-custom-embed\">\n\t\t\t<iframe loading=\"lazy\"\n\t\t\t\t\tsrc=\"https:\/\/maps.google.com\/maps?q=%C8%98oseaua%20Olteni%C8%9Bei%2020%2C%20popesti&#038;t=m&#038;z=16&#038;output=embed&#038;iwloc=near\"\n\t\t\t\t\ttitle=\"\u0218oseaua Olteni\u021bei 20, popesti\"\n\t\t\t\t\taria-label=\"\u0218oseaua Olteni\u021bei 20, popesti\"\n\t\t\t><\/iframe>\n\t\t<\/div>\n\t\t\t\t\t\t<\/div>\n\t\t\t\t\t<\/div>\n\t\t\t\t<\/div>\n\t\t<div class=\"elementor-element elementor-element-ef5a179 e-flex e-con-boxed wpr-particle-no wpr-jarallax-no wpr-parallax-no wpr-sticky-section-no e-con e-parent\" data-id=\"ef5a179\" data-element_type=\"container\" data-e-type=\"container\">\n\t\t\t\t\t<div class=\"e-con-inner\">\n\t\t\t\t<div class=\"elementor-element elementor-element-a3abbe9 elementor-widget__width-initial wpr-button-icon-style-inline wpr-button-icon-position-right elementor-widget elementor-widget-wpr-button\" data-id=\"a3abbe9\" data-element_type=\"widget\" data-e-type=\"widget\" data-widget_type=\"wpr-button.default\">\n\t\t\t\t\t\t\n\t\t\t\n\t\t\n\t\t<div class=\"wpr-button-wrap elementor-clearfix\">\n\t\t<a class=\"wpr-button wpr-button-effect wpr-button-isi-left\" data-text=\"\" href=\"https:\/\/skygardenresidence.ro\/contact\/\">\n\t\t\t\n\t\t\t<span class=\"wpr-button-content\">\n\t\t\t\t\t\t\t\t\t<span class=\"wpr-button-text\">Contact<\/span>\n\t\t\t\t\t\t\t\t\n\t\t\t\t\t\t\t<\/span>\n\t\t<\/a>\n\n\t\t\t\t<\/div>\n\t\n\t\n\t\t\t\t\t<\/div>\n\t\t\t\t\t<\/div>\n\t\t\t\t<\/div>\n\t\t\t\t<\/div>\n\t\t","protected":false},"excerpt":{"rendered":"<p>Sky Garden Residence Olteni\u021bei 20 Sky Garden Residence Olteni\u021bei 20 este un proiect reziden\u021bial complex, dezvoltat de un constructor cu experien\u021b\u0103, care pune accent pe siguran\u021ba seismic\u0103, compartiment\u0103ri eficiente \u0219i suprafe\u021be vitrate generoase. Situat pe \u0218oseaua Olteni\u021bei nr. 20, \u00een Pope\u0219ti-Leordeni, ansamblul se desf\u0103\u0219oar\u0103 pe un teren de 4.750 mp \u0219i cuprinde dou\u0103 corpuri de cl\u0103dire cu regim de \u00een\u0103l\u021bime P+5E, totaliz\u00e2nd 119 unit\u0103\u021bi locative. Proiectul include spa\u021bii verzi, loc de joac\u0103, spa\u021biu comercial la parter \u0219i locuri de parcare supraterane suficiente pentru reziden\u021bi \u0219i vizitatori. Localizare, calitate \u0219i siguran\u021b\u0103 Acces rapid Complexul are deschidere c\u0103tre \u0218oseaua Olteni\u021bei \u0219i acces facil la transportul public. Sta\u021biile de metrou Berceni, Dimitrie Leonida \u0219i Ap\u0103r\u0103torii Patriei, precum \u0219i liniile STB, se afl\u0103 la distan\u021b\u0103 redus\u0103. Finisaje premium Structur\u0103 din beton, pere\u021bi Ytong pentru izolare eficient\u0103, t\u00e2mpl\u0103rie Salamander cu sticl\u0103 Low-E, centrale termice individuale \u0219i finisaje moderne de calitate. Siguran\u021b\u0103 \u0219i facilit\u0103\u021bi Acces securizat cu bariere auto, u\u0219i antiefrac\u021bie, sistem de cartel\u0103 \u0219i lifturi Schindler. Parc\u0103ri supraterane individuale, amenajate cu pavele ecologice. Contact<\/p>","protected":false},"author":1,"featured_media":0,"parent":0,"menu_order":0,"comment_status":"closed","ping_status":"closed","template":"elementor_header_footer","meta":{"footnotes":""},"class_list":["post-1066","page","type-page","status-publish","hentry"],"_links":{"self":[{"href":"https:\/\/skygardenresidence.ro\/en\/wp-json\/wp\/v2\/pages\/1066","targetHints":{"allow":["GET"]}}],"collection":[{"href":"https:\/\/skygardenresidence.ro\/en\/wp-json\/wp\/v2\/pages"}],"about":[{"href":"https:\/\/skygardenresidence.ro\/en\/wp-json\/wp\/v2\/types\/page"}],"author":[{"embeddable":true,"href":"https:\/\/skygardenresidence.ro\/en\/wp-json\/wp\/v2\/users\/1"}],"replies":[{"embeddable":true,"href":"https:\/\/skygardenresidence.ro\/en\/wp-json\/wp\/v2\/comments?post=1066"}],"version-history":[{"count":43,"href":"https:\/\/skygardenresidence.ro\/en\/wp-json\/wp\/v2\/pages\/1066\/revisions"}],"predecessor-version":[{"id":3741,"href":"https:\/\/skygardenresidence.ro\/en\/wp-json\/wp\/v2\/pages\/1066\/revisions\/3741"}],"wp:attachment":[{"href":"https:\/\/skygardenresidence.ro\/en\/wp-json\/wp\/v2\/media?parent=1066"}],"curies":[{"name":"wp","href":"https:\/\/api.w.org\/{rel}","templated":true}]}}