{"id":411,"date":"2026-02-27T07:29:11","date_gmt":"2026-02-27T07:29:11","guid":{"rendered":"https:\/\/new.skygardenresidence.ro\/?page_id=411"},"modified":"2026-03-31T19:40:23","modified_gmt":"2026-03-31T19:40:23","slug":"programeaza-vizionare","status":"publish","type":"page","link":"https:\/\/skygardenresidence.ro\/en\/programeaza-vizionare\/","title":{"rendered":"Programeaza vizionare"},"content":{"rendered":"\t\t<div data-elementor-type=\"wp-page\" data-elementor-id=\"411\" class=\"elementor elementor-411\" data-elementor-post-type=\"page\">\n\t\t\t\t<div class=\"elementor-element elementor-element-4a9a06b e-flex e-con-boxed wpr-particle-no wpr-jarallax-no wpr-parallax-no wpr-sticky-section-no e-con e-parent\" data-id=\"4a9a06b\" data-element_type=\"container\" data-e-type=\"container\" data-settings=\"{&quot;background_background&quot;:&quot;classic&quot;}\">\n\t\t\t\t\t<div class=\"e-con-inner\">\n\t\t<div class=\"elementor-element elementor-element-57ab34e e-con-full e-flex wpr-particle-no wpr-jarallax-no wpr-parallax-no wpr-sticky-section-no e-con e-child\" data-id=\"57ab34e\" data-element_type=\"container\" data-e-type=\"container\">\n\t\t\t\t<div class=\"elementor-element elementor-element-97a18a7 elementor-widget elementor-widget-heading\" data-id=\"97a18a7\" data-element_type=\"widget\" data-e-type=\"widget\" data-widget_type=\"heading.default\">\n\t\t\t\t\t<h2 class=\"elementor-heading-title elementor-size-default\">Programeaz\u0103 o vizionare<\/h2>\t\t\t\t<\/div>\n\t\t\t\t<div class=\"elementor-element elementor-element-3040f3d elementor-widget__width-initial elementor-widget elementor-widget-text-editor\" data-id=\"3040f3d\" data-element_type=\"widget\" data-e-type=\"widget\" data-widget_type=\"text-editor.default\">\n\t\t\t\t\t\t\t\t\t<p data-start=\"111\" data-end=\"420\">Te invit\u0103m s\u0103 descoperi <strong data-start=\"135\" data-end=\"159\">Sky Garden Residence<\/strong> direct la fa\u021ba locului. Completeaz\u0103 formularul de mai jos pentru a programa o vizionare \u0219i convinge-te de <strong data-start=\"266\" data-end=\"323\">calitatea construc\u021biei, compartiment\u0103rile inteligente<\/strong> \u0219i <strong data-start=\"327\" data-end=\"367\">avantajele unei loca\u021bii excep\u021bionale,<\/strong>\u00a0la doar c\u00e2\u021biva pa\u0219i de sta\u021bia de metrou Berceni.<\/p><p data-start=\"422\" data-end=\"517\">Un consultant din cadrul departamentului de v\u00e2nz\u0103ri te va contacta <strong data-start=\"489\" data-end=\"514\">\u00een cel mai scurt timp<\/strong>.<\/p>\t\t\t\t\t\t\t\t<\/div>\n\t\t\t\t<\/div>\n\t\t\t\t\t<\/div>\n\t\t\t\t<\/div>\n\t\t<div class=\"elementor-element elementor-element-5c2a42d e-flex e-con-boxed wpr-particle-no wpr-jarallax-no wpr-parallax-no wpr-sticky-section-no e-con e-parent\" data-id=\"5c2a42d\" data-element_type=\"container\" data-e-type=\"container\">\n\t\t\t\t\t<div class=\"e-con-inner\">\n\t\t\t\t<div class=\"elementor-element elementor-element-c28540f elementor-widget elementor-widget-html\" data-id=\"c28540f\" data-element_type=\"widget\" data-e-type=\"widget\" data-widget_type=\"html.default\">\n\t\t\t\t\t<div class='fluentform ff-default fluentform_wrapper_3 ffs_default_wrap'><form data-form_id=\"3\" id=\"fluentform_3\" class=\"frm-fluent-form fluent_form_3 ff-el-form-top ff_form_instance_3_1 ff-form-loading ffs_default\" data-form_instance=\"ff_form_instance_3_1\" method=\"POST\" ><fieldset  style=\"border: none!important;margin: 0!important;padding: 0!important;background-color: transparent!important;box-shadow: none!important;outline: none!important; min-inline-size: 100%;\">\n                    <legend class=\"ff_screen_reader_title\" style=\"display: block; margin: 0!important;padding: 0!important;height: 0!important;text-indent: -999999px;width: 0!important;overflow:hidden;\">Blank Form (#3)<\/legend><input type='hidden' name='__fluent_form_embded_post_id' value='411' \/><input type=\"hidden\" id=\"_fluentform_3_fluentformnonce\" name=\"_fluentform_3_fluentformnonce\" value=\"3e60a668f3\" \/><input type=\"hidden\" name=\"_wp_http_referer\" value=\"\/en\/wp-json\/wp\/v2\/pages\/411\" \/><div data-type=\"name-element\" data-name=\"names\" class=\" ff-field_container ff-name-field-wrapper\" ><div class='ff-t-container'><div class='ff-t-cell '><div class='ff-el-group ff-el-form-top'><div class=\"ff-el-input--label ff-el-is-required asterisk-right\"><label for='ff_3_names_first_name_' id='label_ff_3_names_first_name_' >Nume<\/label><\/div><div class='ff-el-input--content'><input type=\"text\" name=\"names[first_name]\" id=\"ff_3_names_first_name_\" class=\"ff-el-form-control\" aria-invalid=\"false\" aria-required=true><\/div><\/div><\/div><div class='ff-t-cell '><div class='ff-el-group ff-el-form-top'><div class=\"ff-el-input--label asterisk-right\"><label for='ff_3_names_last_name_' id='label_ff_3_names_last_name_' >Prenume<\/label><\/div><div class='ff-el-input--content'><input type=\"text\" name=\"names[last_name]\" id=\"ff_3_names_last_name_\" class=\"ff-el-form-control\" aria-invalid=\"false\" aria-required=false><\/div><\/div><\/div><\/div><\/div><div class='ff-el-group'><div class=\"ff-el-input--label ff-el-is-required asterisk-right\"><label for='ff_3_input_text' id='label_ff_3_input_text' aria-label=\"Num\u0103r de telefon\">Num\u0103r de telefon<\/label><\/div><div class='ff-el-input--content'><input type=\"text\" name=\"input_text\" class=\"ff-el-form-control\" data-name=\"input_text\" id=\"ff_3_input_text\"  aria-invalid=\"false\" aria-required=true><\/div><\/div><div class='ff-el-group'><div class=\"ff-el-input--label ff-el-is-required asterisk-right\"><label for='ff_3_email' id='label_ff_3_email' aria-label=\"Email\">Email<\/label><\/div><div class='ff-el-input--content'><input type=\"email\" name=\"email\" id=\"ff_3_email\" class=\"ff-el-form-control\" placeholder=\"Email Address\" data-name=\"email\"  aria-invalid=\"false\" aria-required=true><\/div><\/div><div class='ff-el-group'><div class=\"ff-el-input--label asterisk-right\"><label for='ff_3_description' id='label_ff_3_description' aria-label=\"Mesaj\">Mesaj<\/label><\/div><div class='ff-el-input--content'><textarea aria-required=\"false\" aria-labelledby=\"label_ff_3_description\" name=\"description\" id=\"ff_3_description\" class=\"ff-el-form-control\" rows=\"3\" cols=\"2\" data-name=\"description\" ><\/textarea><\/div><\/div><div class='ff-el-group    ff-el-input--content'><div class='ff-el-form-check ff-el-tc'><label aria-label='Sunt de acord cu prelucrarea datelor mele cu caracter personal \u00een vederea contact\u0103rii \u0219i solu\u021bion\u0103rii solicit\u0103rii mele.' class='ff-el-form-check-label ff_tc_label' for=gdpr-agreement_90d8acf8269fac6e89d234bfc8959ff0><span class='ff_tc_checkbox'><input type=\"checkbox\" name=\"gdpr-agreement\" class=\"ff-el-form-check-input ff_gdpr_field\" data-name=\"gdpr-agreement\" id=\"gdpr-agreement_90d8acf8269fac6e89d234bfc8959ff0\"  value='on' aria-invalid='false' aria-required=true><\/span> <div class='ff_t_c'>Sunt de acord cu prelucrarea datelor mele cu caracter personal \u00een vederea contact\u0103rii \u0219i solu\u021bion\u0103rii solicit\u0103rii mele.<\/div><\/label><\/div><\/div><div class='ff-el-group ff-text-center ff_submit_btn_wrapper'><button type=\"submit\" class=\"ff-btn ff-btn-submit ff-btn-md ff_btn_style wpf_has_custom_css\"  aria-label=\"Trimite\">Trimite<\/button><\/div><\/fieldset><\/form><div id='fluentform_3_errors' class='ff-errors-in-stack ff_form_instance_3_1 ff-form-loading_errors ff_form_instance_3_1_errors'><\/div><\/div>            <script type=\"text\/javascript\">\n                window.fluent_form_ff_form_instance_3_1 = {\"id\":\"3\",\"ajaxUrl\":\"https:\\\/\\\/skygardenresidence.ro\\\/wp-admin\\\/admin-ajax.php\",\"settings\":{\"layout\":{\"labelPlacement\":\"top\",\"asteriskPlacement\":\"asterisk-right\",\"helpMessagePlacement\":\"with_label\",\"errorMessagePlacement\":\"inline\",\"cssClassName\":\"\"},\"restrictions\":{\"denyEmptySubmission\":{\"enabled\":false}}},\"form_instance\":\"ff_form_instance_3_1\",\"form_id_selector\":\"fluentform_3\",\"rules\":{\"names[first_name]\":{\"required\":{\"value\":true,\"message\":\"Acest c\\u00e2mp este obligatoriu\",\"global_message\":\"Acest c\\u00e2mp este obligatoriu\",\"global\":true}},\"names[middle_name]\":{\"required\":{\"value\":false,\"message\":\"Acest c\\u00e2mp este obligatoriu\",\"global_message\":\"Acest c\\u00e2mp este obligatoriu\",\"global\":true}},\"names[last_name]\":{\"required\":{\"value\":false,\"message\":\"Acest c\\u00e2mp este obligatoriu\",\"global_message\":\"Acest c\\u00e2mp este obligatoriu\",\"global\":true}},\"input_text\":{\"required\":{\"value\":true,\"message\":\"Acest c\\u00e2mp este obligatoriu\",\"global_message\":\"Acest c\\u00e2mp este obligatoriu\",\"global\":true}},\"email\":{\"required\":{\"value\":true,\"message\":\"Acest c\\u00e2mp este obligatoriu\",\"global_message\":\"Acest c\\u00e2mp este obligatoriu\",\"global\":true},\"email\":{\"value\":true,\"message\":\"Acest c\\u00e2mp trebuie s\\u0103 con\\u021bin\\u0103 o adres\\u0103 de email valid\\u0103\",\"global_message\":\"Acest c\\u00e2mp trebuie s\\u0103 con\\u021bin\\u0103 o adres\\u0103 de email valid\\u0103\",\"global\":true}},\"description\":{\"required\":{\"value\":false,\"message\":\"Acest c\\u00e2mp este obligatoriu\",\"global_message\":\"Acest c\\u00e2mp este obligatoriu\",\"global\":true}},\"gdpr-agreement\":{\"required\":{\"value\":true,\"message\":\"Acest c\\u00e2mp este obligatoriu\",\"global_message\":\"Acest c\\u00e2mp este obligatoriu\",\"global\":true}}},\"debounce_time\":300};\n                            <\/script>\n            \t\t\t\t<\/div>\n\t\t\t\t\t<\/div>\n\t\t\t\t<\/div>\n\t\t\t\t<\/div>\n\t\t","protected":false},"excerpt":{"rendered":"<p>Programeaz\u0103 o vizionare Te invit\u0103m s\u0103 descoperi Sky Garden Residence direct la fa\u021ba locului. Completeaz\u0103 formularul de mai jos pentru a programa o vizionare \u0219i convinge-te de calitatea construc\u021biei, compartiment\u0103rile inteligente \u0219i avantajele unei loca\u021bii excep\u021bionale,\u00a0la doar c\u00e2\u021biva pa\u0219i de sta\u021bia de metrou Berceni. Un consultant din cadrul departamentului de v\u00e2nz\u0103ri te va contacta \u00een cel mai scurt timp.<\/p>","protected":false},"author":1,"featured_media":0,"parent":0,"menu_order":0,"comment_status":"closed","ping_status":"closed","template":"elementor_header_footer","meta":{"footnotes":""},"class_list":["post-411","page","type-page","status-publish","hentry"],"_links":{"self":[{"href":"https:\/\/skygardenresidence.ro\/en\/wp-json\/wp\/v2\/pages\/411","targetHints":{"allow":["GET"]}}],"collection":[{"href":"https:\/\/skygardenresidence.ro\/en\/wp-json\/wp\/v2\/pages"}],"about":[{"href":"https:\/\/skygardenresidence.ro\/en\/wp-json\/wp\/v2\/types\/page"}],"author":[{"embeddable":true,"href":"https:\/\/skygardenresidence.ro\/en\/wp-json\/wp\/v2\/users\/1"}],"replies":[{"embeddable":true,"href":"https:\/\/skygardenresidence.ro\/en\/wp-json\/wp\/v2\/comments?post=411"}],"version-history":[{"count":22,"href":"https:\/\/skygardenresidence.ro\/en\/wp-json\/wp\/v2\/pages\/411\/revisions"}],"predecessor-version":[{"id":4664,"href":"https:\/\/skygardenresidence.ro\/en\/wp-json\/wp\/v2\/pages\/411\/revisions\/4664"}],"wp:attachment":[{"href":"https:\/\/skygardenresidence.ro\/en\/wp-json\/wp\/v2\/media?parent=411"}],"curies":[{"name":"wp","href":"https:\/\/api.w.org\/{rel}","templated":true}]}}