{"id":4523,"date":"2026-03-16T13:08:50","date_gmt":"2026-03-16T13:08:50","guid":{"rendered":"https:\/\/new.skygardenresidence.ro\/?page_id=4523"},"modified":"2026-03-16T13:11:28","modified_gmt":"2026-03-16T13:11:28","slug":"politica-cookies","status":"publish","type":"page","link":"https:\/\/skygardenresidence.ro\/en\/politica-cookies\/","title":{"rendered":"Politica Cookies"},"content":{"rendered":"<div data-elementor-type=\"wp-page\" data-elementor-id=\"4523\" class=\"elementor elementor-4523\" data-elementor-post-type=\"page\">\n\t\t\t\t<div class=\"elementor-element elementor-element-56c33303 e-flex e-con-boxed wpr-particle-no wpr-jarallax-no wpr-parallax-no wpr-sticky-section-no e-con e-parent\" data-id=\"56c33303\" data-element_type=\"container\" data-e-type=\"container\">\n\t\t\t\t\t<div class=\"e-con-inner\">\n\t\t\t\t<div class=\"elementor-element elementor-element-766c224 elementor-widget elementor-widget-heading\" data-id=\"766c224\" data-element_type=\"widget\" data-e-type=\"widget\" data-widget_type=\"heading.default\">\n\t\t\t\t\t<h2 class=\"elementor-heading-title elementor-size-default\">Politica Cookies \u2013 Sky Garden Residence<\/h2>\t\t\t\t<\/div>\n\t\t\t\t<div class=\"elementor-element elementor-element-47e70a78 elementor-widget elementor-widget-text-editor\" data-id=\"47e70a78\" data-element_type=\"widget\" data-e-type=\"widget\" data-widget_type=\"text-editor.default\">\n\t\t\t\t\t\t\t\t\t<p><\/p>\n<h2 class=\"wp-block-heading\" data-section-id=\"d5xyvu\" data-start=\"283\" data-end=\"325\"><span style=\"font-size: 1rem;\">Site-ul <\/span><strong style=\"font-size: 1rem;\" data-start=\"335\" data-end=\"364\"><a class=\"decorated-link\" href=\"https:\/\/skygardenresidence.ro\/en\/\" target=\"_new\" rel=\"noopener\" data-start=\"337\" data-end=\"362\">www.skygardenresidence.ro<\/a><\/strong><span style=\"font-size: 1rem;\"> utilizeaz\u0103 cookies pentru a \u00eembun\u0103t\u0103\u021bi experien\u021ba vizitatorilor \u0219i pentru a colecta informa\u021bii statistice privind utilizarea site-ului. Cookies sunt fi\u0219iere mici stocate pe dispozitivul dumneavoastr\u0103, care ne permit s\u0103 recunoa\u0219tem vizitatorii \u0219i s\u0103 oferim func\u021bionalit\u0103\u021bi personalizate.<\/span><\/h2>\n<p data-start=\"655\" data-end=\"689\"><strong data-start=\"655\" data-end=\"687\">Tipuri de cookies utilizate:<\/strong><\/p>\n<ul data-start=\"690\" data-end=\"1069\">\n<li data-section-id=\"13km9gz\" data-start=\"690\" data-end=\"803\">\n<p data-start=\"692\" data-end=\"803\"><strong data-start=\"692\" data-end=\"712\">Strict necesare:<\/strong> Asigur\u0103 func\u021bionarea corect\u0103 a site-ului (autentificare, co\u0219 de cump\u0103r\u0103turi, formulare).<\/p>\n<\/li>\n<li data-section-id=\"8ow8zn\" data-start=\"804\" data-end=\"931\">\n<p data-start=\"806\" data-end=\"931\"><strong data-start=\"806\" data-end=\"821\">Statistice:<\/strong> Colecteaz\u0103 informa\u021bii anonime despre vizitele pe site, paginile vizitate \u0219i modul de utilizare a site-ului.<\/p>\n<\/li>\n<li data-section-id=\"uizuxg\" data-start=\"932\" data-end=\"1069\">\n<p data-start=\"934\" data-end=\"1069\"><strong data-start=\"934\" data-end=\"962\">Marketing \/ Publicitate:<\/strong> Permit afi\u0219area de oferte \u0219i promo\u021bii personalizate, precum \u0219i urm\u0103rirea eficien\u021bei campaniilor noastre.<\/p>\n<\/li>\n<\/ul>\n<p data-start=\"1071\" data-end=\"1289\"><strong data-start=\"1071\" data-end=\"1095\">Gestionarea cookies:<\/strong><br data-start=\"1095\" data-end=\"1098\" \/>Vizitatorii pot alege s\u0103 dezactiveze sau s\u0103 \u0219terg\u0103 cookies prin set\u0103rile browserului. Re\u021bine\u021bi c\u0103 unele func\u021bionalit\u0103\u021bi ale site-ului ar putea s\u0103 nu mai func\u021bioneze corect \u00een lipsa cookies.<\/p>\n<p data-start=\"1291\" data-end=\"1421\">Pentru mai multe informa\u021bii despre cookies \u0219i gestionarea acestora, vizita\u021bi <a class=\"decorated-link\" href=\"https:\/\/www.aboutcookies.org\" target=\"_new\" rel=\"noopener\" data-start=\"1368\" data-end=\"1420\">www.aboutcookies.org<\/a>.<\/p>\t\t\t\t\t\t\t\t<\/div>\n\t\t\t\t\t<\/div>\n\t\t\t\t<\/div>\n\t\t\t\t<\/div>","protected":false},"excerpt":{"rendered":"<p>Politica Cookies \u2013 Sky Garden Residence Site-ul www.skygardenresidence.ro utilizeaz\u0103 cookies pentru a \u00eembun\u0103t\u0103\u021bi experien\u021ba vizitatorilor \u0219i pentru a colecta informa\u021bii statistice privind utilizarea site-ului. Cookies sunt fi\u0219iere mici stocate pe dispozitivul dumneavoastr\u0103, care ne permit s\u0103 recunoa\u0219tem vizitatorii \u0219i s\u0103 oferim func\u021bionalit\u0103\u021bi personalizate. Tipuri de cookies utilizate: Strict necesare: Asigur\u0103 func\u021bionarea corect\u0103 a site-ului (autentificare, co\u0219 de cump\u0103r\u0103turi, formulare). Statistice: Colecteaz\u0103 informa\u021bii anonime despre vizitele pe site, paginile vizitate \u0219i modul de utilizare a site-ului. Marketing \/ Publicitate: Permit afi\u0219area de oferte \u0219i promo\u021bii personalizate, precum \u0219i urm\u0103rirea eficien\u021bei campaniilor noastre. Gestionarea cookies:Vizitatorii pot alege s\u0103 dezactiveze sau s\u0103 \u0219terg\u0103 cookies prin set\u0103rile browserului. Re\u021bine\u021bi c\u0103 unele func\u021bionalit\u0103\u021bi ale site-ului ar putea s\u0103 nu mai func\u021bioneze corect \u00een lipsa cookies. Pentru mai multe informa\u021bii despre cookies \u0219i gestionarea acestora, vizita\u021bi www.aboutcookies.org.<\/p>","protected":false},"author":1,"featured_media":0,"parent":0,"menu_order":0,"comment_status":"closed","ping_status":"open","template":"elementor_header_footer","meta":{"footnotes":""},"class_list":["post-4523","page","type-page","status-publish","hentry"],"_links":{"self":[{"href":"https:\/\/skygardenresidence.ro\/en\/wp-json\/wp\/v2\/pages\/4523","targetHints":{"allow":["GET"]}}],"collection":[{"href":"https:\/\/skygardenresidence.ro\/en\/wp-json\/wp\/v2\/pages"}],"about":[{"href":"https:\/\/skygardenresidence.ro\/en\/wp-json\/wp\/v2\/types\/page"}],"author":[{"embeddable":true,"href":"https:\/\/skygardenresidence.ro\/en\/wp-json\/wp\/v2\/users\/1"}],"replies":[{"embeddable":true,"href":"https:\/\/skygardenresidence.ro\/en\/wp-json\/wp\/v2\/comments?post=4523"}],"version-history":[{"count":7,"href":"https:\/\/skygardenresidence.ro\/en\/wp-json\/wp\/v2\/pages\/4523\/revisions"}],"predecessor-version":[{"id":4530,"href":"https:\/\/skygardenresidence.ro\/en\/wp-json\/wp\/v2\/pages\/4523\/revisions\/4530"}],"wp:attachment":[{"href":"https:\/\/skygardenresidence.ro\/en\/wp-json\/wp\/v2\/media?parent=4523"}],"curies":[{"name":"wp","href":"https:\/\/api.w.org\/{rel}","templated":true}]}}